{"id":1448,"date":"2022-08-25T13:27:00","date_gmt":"2022-08-25T11:27:00","guid":{"rendered":"https:\/\/damaslocation.fr\/index.php\/home\/"},"modified":"2025-02-14T15:27:04","modified_gmt":"2025-02-14T14:27:04","slug":"accueil","status":"publish","type":"page","link":"https:\/\/damaslocation.fr\/","title":{"rendered":"Accueil"},"content":{"rendered":"\t\t<div data-elementor-type=\"wp-page\" data-elementor-id=\"1448\" class=\"elementor elementor-1448\">\n\t\t\t\t<div class=\"elementor-element elementor-element-1b3b047 e-flex e-con-boxed e-con e-parent\" data-id=\"1b3b047\" data-element_type=\"container\">\n\t\t\t\t\t<div class=\"e-con-inner\">\n\t\t\t\t<div class=\"elementor-element elementor-element-1230b72 elementor-widget elementor-widget-heading\" data-id=\"1230b72\" data-element_type=\"widget\" data-widget_type=\"heading.default\">\n\t\t\t\t<div class=\"elementor-widget-container\">\n\t\t\t\t\t<h1 class=\"elementor-heading-title elementor-size-default\">DAMAS<br>Location<\/h1>\t\t\t\t<\/div>\n\t\t\t\t<\/div>\n\t\t\t\t\t<\/div>\n\t\t\t\t<\/div>\n\t\t<div class=\"elementor-element elementor-element-9b98842 e-flex e-con-boxed e-con e-parent\" data-id=\"9b98842\" data-element_type=\"container\">\n\t\t\t\t\t<div class=\"e-con-inner\">\n\t\t\t\t<div class=\"elementor-element elementor-element-29aa691 elementor-widget elementor-widget-heading\" data-id=\"29aa691\" data-element_type=\"widget\" data-widget_type=\"heading.default\">\n\t\t\t\t<div class=\"elementor-widget-container\">\n\t\t\t\t\t<h2 class=\"elementor-heading-title elementor-size-default\">location de vaisselle<br>et de mat\u00c9riels<\/h2>\t\t\t\t<\/div>\n\t\t\t\t<\/div>\n\t\t\t\t\t<\/div>\n\t\t\t\t<\/div>\n\t\t<div class=\"elementor-element elementor-element-741714f e-flex e-con-boxed e-con e-parent\" data-id=\"741714f\" data-element_type=\"container\">\n\t\t\t\t\t<div class=\"e-con-inner\">\n\t\t<div class=\"elementor-element elementor-element-5667a77 e-con-full e-flex e-con e-child\" data-id=\"5667a77\" data-element_type=\"container\">\n\t\t\t\t<div class=\"elementor-element elementor-element-1674e41 elementor-widget elementor-widget-image\" data-id=\"1674e41\" data-element_type=\"widget\" data-widget_type=\"image.default\">\n\t\t\t\t<div class=\"elementor-widget-container\">\n\t\t\t\t\t\t\t\t\t\t\t\t\t\t\t<img decoding=\"async\" src=\"https:\/\/damaslocation.fr\/wp-content\/uploads\/2025\/02\/6369229504866980638-e1739542871749.jpg\" title=\"6369229504866980638\" alt=\"6369229504866980638\" loading=\"lazy\" \/>\t\t\t\t\t\t\t\t\t\t\t\t\t\t\t<\/div>\n\t\t\t\t<\/div>\n\t\t\t\t<\/div>\n\t\t<div class=\"elementor-element elementor-element-e0904f8 e-con-full e-flex e-con e-child\" data-id=\"e0904f8\" data-element_type=\"container\">\n\t\t\t\t<div class=\"elementor-element elementor-element-e131464 elementor-widget__width-initial elementor-widget elementor-widget-image\" data-id=\"e131464\" data-element_type=\"widget\" data-widget_type=\"image.default\">\n\t\t\t\t<div class=\"elementor-widget-container\">\n\t\t\t\t\t\t\t\t\t\t\t\t\t\t\t<img decoding=\"async\" src=\"https:\/\/damaslocation.fr\/wp-content\/uploads\/2025\/02\/5244425490125585919-e1739542928605.jpg\" title=\"5244425490125585919\" alt=\"5244425490125585919\" loading=\"lazy\" \/>\t\t\t\t\t\t\t\t\t\t\t\t\t\t\t<\/div>\n\t\t\t\t<\/div>\n\t\t\t\t<\/div>\n\t\t<div class=\"elementor-element elementor-element-3731df0 e-con-full e-flex e-con e-child\" data-id=\"3731df0\" data-element_type=\"container\">\n\t\t\t\t<div class=\"elementor-element elementor-element-3137974 elementor-widget__width-initial elementor-widget elementor-widget-image\" data-id=\"3137974\" data-element_type=\"widget\" data-widget_type=\"image.default\">\n\t\t\t\t<div class=\"elementor-widget-container\">\n\t\t\t\t\t\t\t\t\t\t\t\t\t\t\t<img decoding=\"async\" src=\"https:\/\/damaslocation.fr\/wp-content\/uploads\/2023\/10\/20231012_175347-scaled-e1697139326248.jpg\" title=\"20231012_175347\" alt=\"20231012_175347\" loading=\"lazy\" \/>\t\t\t\t\t\t\t\t\t\t\t\t\t\t\t<\/div>\n\t\t\t\t<\/div>\n\t\t\t\t<\/div>\n\t\t\t\t\t<\/div>\n\t\t\t\t<\/div>\n\t\t<div class=\"elementor-element elementor-element-efe286e e-flex e-con-boxed e-con e-parent\" data-id=\"efe286e\" data-element_type=\"container\">\n\t\t\t\t\t<div class=\"e-con-inner\">\n\t\t\t\t<div class=\"elementor-element elementor-element-c7d705f elementor-widget elementor-widget-heading\" data-id=\"c7d705f\" data-element_type=\"widget\" data-widget_type=\"heading.default\">\n\t\t\t\t<div class=\"elementor-widget-container\">\n\t\t\t\t\t<h2 class=\"elementor-heading-title elementor-size-xl\">NOUVEAU !<br> DAMAS Location reprend votre vaisselle sale.<\/h2>\t\t\t\t<\/div>\n\t\t\t\t<\/div>\n\t\t\t\t<div class=\"elementor-element elementor-element-5e74a7f elementor-widget elementor-widget-text-editor\" data-id=\"5e74a7f\" data-element_type=\"widget\" data-widget_type=\"text-editor.default\">\n\t\t\t\t<div class=\"elementor-widget-container\">\n\t\t\t\t\t\t\t\t\t<h1><em><strong>Bienvenue sur le site DAMAS Location !<\/strong><\/em><\/h1>\t\t\t\t\t\t\t\t<\/div>\n\t\t\t\t<\/div>\n\t\t\t\t<div class=\"elementor-element elementor-element-cac1f01 elementor-widget elementor-widget-text-editor\" data-id=\"cac1f01\" data-element_type=\"widget\" data-widget_type=\"text-editor.default\">\n\t\t\t\t<div class=\"elementor-widget-container\">\n\t\t\t\t\t\t\t\t\t<h5>Location de vaisselles pour vos soir\u00e9es, anniversaires, r\u00e9ception, et tous sortes d&rsquo;\u00e9v\u00e8nements !<\/h5><h5>Que vous soyez un particulier, une association ou un professionnel, n\u2019h\u00e9sitez pas \u00e0 nous contacter pour recevoir un devis personnalis\u00e9.<\/h5><h5>D\u00e9couvrez dans la rubrique \u00ab\u00a0<span style=\"text-decoration: underline;\"><a href=\"https:\/\/damaslocation.fr\/index.php\/shop\/\">Location de mat\u00e9riel<\/a><\/span>\u00a0\u00bb le catalogue de vaisselle ainsi que les formules propos\u00e9es.<\/h5><h5>N&rsquo;h\u00e9sitez pas de nous <span style=\"text-decoration: underline;\"><a href=\"https:\/\/damaslocation.fr\/index.php\/contact-3\/\">contacter sur le site<\/a><\/span> ou au 07.85.24.61.68<\/h5>\t\t\t\t\t\t\t\t<\/div>\n\t\t\t\t<\/div>\n\t\t\t\t\t<\/div>\n\t\t\t\t<\/div>\n\t\t<div class=\"elementor-element elementor-element-e5f6654 e-flex e-con-boxed e-con e-parent\" data-id=\"e5f6654\" data-element_type=\"container\">\n\t\t\t\t\t<div class=\"e-con-inner\">\n\t\t\t\t<div class=\"elementor-element elementor-element-6fc8a23 elementor-shape-rounded elementor-grid-0 e-grid-align-center elementor-invisible elementor-widget elementor-widget-social-icons\" data-id=\"6fc8a23\" data-element_type=\"widget\" data-settings=\"{&quot;_animation&quot;:&quot;fadeIn&quot;}\" data-widget_type=\"social-icons.default\">\n\t\t\t\t<div class=\"elementor-widget-container\">\n\t\t\t\t\t\t\t<div class=\"elementor-social-icons-wrapper elementor-grid\">\n\t\t\t\t\t\t\t<span class=\"elementor-grid-item\">\n\t\t\t\t\t<a class=\"elementor-icon elementor-social-icon elementor-social-icon-facebook elementor-repeater-item-e2d79ed\" href=\"https:\/\/www.facebook.com\/damaslocation\/\" target=\"_blank\">\n\t\t\t\t\t\t<span class=\"elementor-screen-only\">Facebook<\/span>\n\t\t\t\t\t\t<i class=\"fab fa-facebook\"><\/i>\t\t\t\t\t<\/a>\n\t\t\t\t<\/span>\n\t\t\t\t\t<\/div>\n\t\t\t\t\t\t<\/div>\n\t\t\t\t<\/div>\n\t\t\t\t<div class=\"elementor-element elementor-element-5850920 elementor-invisible elementor-widget elementor-widget-text-editor\" data-id=\"5850920\" data-element_type=\"widget\" data-settings=\"{&quot;_animation&quot;:&quot;fadeIn&quot;}\" data-widget_type=\"text-editor.default\">\n\t\t\t\t<div class=\"elementor-widget-container\">\n\t\t\t\t\t\t\t\t\t<p><strong>Suivez DAMAS Location sur Facebook<\/strong><\/p>\t\t\t\t\t\t\t\t<\/div>\n\t\t\t\t<\/div>\n\t\t\t\t\t<\/div>\n\t\t\t\t<\/div>\n\t\t\t\t<section class=\"elementor-section elementor-top-section elementor-element elementor-element-be8b1b9 elementor-section-content-middle elementor-section-boxed elementor-section-height-default elementor-section-height-default elementor-invisible\" data-id=\"be8b1b9\" data-element_type=\"section\" data-settings=\"{&quot;background_background&quot;:&quot;classic&quot;,&quot;animation&quot;:&quot;fadeIn&quot;}\">\n\t\t\t\t\t\t<div class=\"elementor-container elementor-column-gap-default\">\n\t\t\t\t\t<div class=\"elementor-column elementor-col-100 elementor-top-column elementor-element elementor-element-a45eb33\" data-id=\"a45eb33\" data-element_type=\"column\">\n\t\t\t<div class=\"elementor-widget-wrap elementor-element-populated\">\n\t\t\t\t\t\t<div class=\"elementor-element elementor-element-ed4759e elementor-widget elementor-widget-heading\" data-id=\"ed4759e\" data-element_type=\"widget\" data-widget_type=\"heading.default\">\n\t\t\t\t<div class=\"elementor-widget-container\">\n\t\t\t\t\t<h2 class=\"elementor-heading-title elementor-size-default\">Une question ?<\/h2>\t\t\t\t<\/div>\n\t\t\t\t<\/div>\n\t\t\t\t<div class=\"elementor-element elementor-element-bbdc8f2 elementor-align-center elementor-widget elementor-widget-button\" data-id=\"bbdc8f2\" data-element_type=\"widget\" data-widget_type=\"button.default\">\n\t\t\t\t<div class=\"elementor-widget-container\">\n\t\t\t\t\t\t\t\t\t<div class=\"elementor-button-wrapper\">\n\t\t\t\t\t<a class=\"elementor-button elementor-button-link elementor-size-sm\" href=\"https:\/\/damaslocation.fr\/index.php\/contact-3\/\">\n\t\t\t\t\t\t<span class=\"elementor-button-content-wrapper\">\n\t\t\t\t\t\t\t\t\t<span class=\"elementor-button-text\">Contact<\/span>\n\t\t\t\t\t<\/span>\n\t\t\t\t\t<\/a>\n\t\t\t\t<\/div>\n\t\t\t\t\t\t\t\t<\/div>\n\t\t\t\t<\/div>\n\t\t\t\t\t<\/div>\n\t\t<\/div>\n\t\t\t\t\t<\/div>\n\t\t<\/section>\n\t\t<div class=\"elementor-element elementor-element-8c82704 e-flex e-con-boxed e-con e-parent\" data-id=\"8c82704\" data-element_type=\"container\">\n\t\t\t\t\t<div class=\"e-con-inner\">\n\t\t\t\t\t<\/div>\n\t\t\t\t<\/div>\n\t\t\t\t<\/div>\n\t\t","protected":false},"excerpt":{"rendered":"<p>DAMASLocation location de vaisselleet de mat\u00c9riels NOUVEAU ! DAMAS Location reprend votre vaisselle sale. Bienvenue sur le site DAMAS Location ! Location de vaisselles pour vos soir\u00e9es, anniversaires, r\u00e9ception, et tous sortes d&rsquo;\u00e9v\u00e8nements ! Que vous soyez un particulier, une association ou un professionnel, n\u2019h\u00e9sitez pas \u00e0 nous contacter pour recevoir un devis personnalis\u00e9. D\u00e9couvrez [&hellip;]<\/p>\n","protected":false},"author":1,"featured_media":0,"parent":0,"menu_order":0,"comment_status":"closed","ping_status":"closed","template":"","meta":{"footnotes":""},"class_list":["post-1448","page","type-page","status-publish","hentry","entry","owp-thumbs-layout-horizontal","owp-btn-normal","owp-tabs-layout-horizontal","has-no-thumbnails","has-product-nav"],"_links":{"self":[{"href":"https:\/\/damaslocation.fr\/index.php\/wp-json\/wp\/v2\/pages\/1448","targetHints":{"allow":["GET"]}}],"collection":[{"href":"https:\/\/damaslocation.fr\/index.php\/wp-json\/wp\/v2\/pages"}],"about":[{"href":"https:\/\/damaslocation.fr\/index.php\/wp-json\/wp\/v2\/types\/page"}],"author":[{"embeddable":true,"href":"https:\/\/damaslocation.fr\/index.php\/wp-json\/wp\/v2\/users\/1"}],"replies":[{"embeddable":true,"href":"https:\/\/damaslocation.fr\/index.php\/wp-json\/wp\/v2\/comments?post=1448"}],"version-history":[{"count":74,"href":"https:\/\/damaslocation.fr\/index.php\/wp-json\/wp\/v2\/pages\/1448\/revisions"}],"predecessor-version":[{"id":2269,"href":"https:\/\/damaslocation.fr\/index.php\/wp-json\/wp\/v2\/pages\/1448\/revisions\/2269"}],"wp:attachment":[{"href":"https:\/\/damaslocation.fr\/index.php\/wp-json\/wp\/v2\/media?parent=1448"}],"curies":[{"name":"wp","href":"https:\/\/api.w.org\/{rel}","templated":true}]}}