{"id":2059,"date":"2024-07-15T21:14:56","date_gmt":"2024-07-15T19:14:56","guid":{"rendered":"https:\/\/damaslocation.fr\/?post_type=product&#038;p=2059"},"modified":"2024-07-15T21:14:57","modified_gmt":"2024-07-15T19:14:57","slug":"tasse-a-cafe","status":"publish","type":"product","link":"https:\/\/damaslocation.fr\/index.php\/produit\/tasse-a-cafe\/","title":{"rendered":"Tasse \u00e0 caf\u00e9"},"content":{"rendered":"","protected":false},"excerpt":{"rendered":"<p>Tasse \u00e0 caf\u00e9<\/p>\n","protected":false},"featured_media":1889,"comment_status":"open","ping_status":"closed","template":"","meta":[],"product_cat":[22],"product_tag":[],"class_list":{"0":"post-2059","1":"product","2":"type-product","3":"status-publish","4":"has-post-thumbnail","6":"product_cat-vaisselle","8":"entry","9":"has-media","11":"first","12":"instock","13":"shipping-taxable","14":"purchasable","15":"product-type-simple","16":"has-product-nav","17":"col","18":"span_1_of_6","19":"owp-content-center","20":"owp-thumbs-layout-horizontal","21":"owp-btn-normal","22":"owp-tabs-layout-horizontal","23":"has-no-thumbnails"},"_links":{"self":[{"href":"https:\/\/damaslocation.fr\/index.php\/wp-json\/wp\/v2\/product\/2059","targetHints":{"allow":["GET"]}}],"collection":[{"href":"https:\/\/damaslocation.fr\/index.php\/wp-json\/wp\/v2\/product"}],"about":[{"href":"https:\/\/damaslocation.fr\/index.php\/wp-json\/wp\/v2\/types\/product"}],"replies":[{"embeddable":true,"href":"https:\/\/damaslocation.fr\/index.php\/wp-json\/wp\/v2\/comments?post=2059"}],"wp:featuredmedia":[{"embeddable":true,"href":"https:\/\/damaslocation.fr\/index.php\/wp-json\/wp\/v2\/media\/1889"}],"wp:attachment":[{"href":"https:\/\/damaslocation.fr\/index.php\/wp-json\/wp\/v2\/media?parent=2059"}],"wp:term":[{"taxonomy":"product_cat","embeddable":true,"href":"https:\/\/damaslocation.fr\/index.php\/wp-json\/wp\/v2\/product_cat?post=2059"},{"taxonomy":"product_tag","embeddable":true,"href":"https:\/\/damaslocation.fr\/index.php\/wp-json\/wp\/v2\/product_tag?post=2059"}],"curies":[{"name":"wp","href":"https:\/\/api.w.org\/{rel}","templated":true}]}}