{"id":2090,"date":"2024-07-16T18:39:03","date_gmt":"2024-07-16T16:39:03","guid":{"rendered":"https:\/\/damaslocation.fr\/?post_type=product&#038;p=2090"},"modified":"2024-07-16T18:39:03","modified_gmt":"2024-07-16T16:39:03","slug":"machine-a-biere-5l","status":"publish","type":"product","link":"https:\/\/damaslocation.fr\/index.php\/produit\/machine-a-biere-5l\/","title":{"rendered":"Machine \u00e0 bi\u00e8re 5L"},"content":{"rendered":"<p>Machine \u00e0 bi\u00e8re classique pour f\u00fbt de 5L<\/p>\n","protected":false},"excerpt":{"rendered":"<p>Machine \u00e0 bi\u00e8re classique pour f\u00fbt de 5L<\/p>\n","protected":false},"featured_media":2091,"comment_status":"open","ping_status":"closed","template":"","meta":[],"product_cat":[25],"product_tag":[],"class_list":{"0":"post-2090","1":"product","2":"type-product","3":"status-publish","4":"has-post-thumbnail","6":"product_cat-machines","8":"entry","9":"has-media","11":"first","12":"instock","13":"shipping-taxable","14":"purchasable","15":"product-type-simple","16":"has-product-nav","17":"col","18":"span_1_of_6","19":"owp-content-center","20":"owp-thumbs-layout-horizontal","21":"owp-btn-normal","22":"owp-tabs-layout-horizontal","23":"has-no-thumbnails"},"_links":{"self":[{"href":"https:\/\/damaslocation.fr\/index.php\/wp-json\/wp\/v2\/product\/2090","targetHints":{"allow":["GET"]}}],"collection":[{"href":"https:\/\/damaslocation.fr\/index.php\/wp-json\/wp\/v2\/product"}],"about":[{"href":"https:\/\/damaslocation.fr\/index.php\/wp-json\/wp\/v2\/types\/product"}],"replies":[{"embeddable":true,"href":"https:\/\/damaslocation.fr\/index.php\/wp-json\/wp\/v2\/comments?post=2090"}],"wp:featuredmedia":[{"embeddable":true,"href":"https:\/\/damaslocation.fr\/index.php\/wp-json\/wp\/v2\/media\/2091"}],"wp:attachment":[{"href":"https:\/\/damaslocation.fr\/index.php\/wp-json\/wp\/v2\/media?parent=2090"}],"wp:term":[{"taxonomy":"product_cat","embeddable":true,"href":"https:\/\/damaslocation.fr\/index.php\/wp-json\/wp\/v2\/product_cat?post=2090"},{"taxonomy":"product_tag","embeddable":true,"href":"https:\/\/damaslocation.fr\/index.php\/wp-json\/wp\/v2\/product_tag?post=2090"}],"curies":[{"name":"wp","href":"https:\/\/api.w.org\/{rel}","templated":true}]}}