{"id":2167,"date":"2024-07-17T18:47:02","date_gmt":"2024-07-17T16:47:02","guid":{"rendered":"https:\/\/damaslocation.fr\/?post_type=product&#038;p=2167"},"modified":"2025-02-14T15:15:09","modified_gmt":"2025-02-14T14:15:09","slug":"formule-soupe","status":"publish","type":"product","link":"https:\/\/damaslocation.fr\/index.php\/produit\/formule-soupe\/","title":{"rendered":"Formule Soupe"},"content":{"rendered":"<p>Cette formule est compos\u00e9e :<\/p>\n<ul>\n<li>Une assiette plate<\/li>\n<li>Une assiette \u00e0 dessert<\/li>\n<li>Une assiette \u00e0 soupe<\/li>\n<li>Un verre \u00e0 vin 19cl<\/li>\n<li>Un verre \u00e0 eau 30cl<\/li>\n<li>Une tasse \u00e0 caf\u00e9<\/li>\n<li>Couteaux, fourchette et cuill\u00e8re \u00e0 caf\u00e9.<\/li>\n<\/ul>\n","protected":false},"excerpt":{"rendered":"<p>Une formule pour vos soir\u00e9es avec une soupe en entr\u00e9e.<\/p>\n","protected":false},"featured_media":2168,"comment_status":"open","ping_status":"closed","template":"","meta":[],"product_cat":[23],"product_tag":[],"class_list":{"0":"post-2167","1":"product","2":"type-product","3":"status-publish","4":"has-post-thumbnail","6":"product_cat-formules-vaisselle","8":"entry","9":"has-media","11":"first","12":"instock","13":"shipping-taxable","14":"purchasable","15":"product-type-simple","16":"has-product-nav","17":"col","18":"span_1_of_6","19":"owp-content-center","20":"owp-thumbs-layout-horizontal","21":"owp-btn-normal","22":"owp-tabs-layout-horizontal","23":"has-no-thumbnails"},"_links":{"self":[{"href":"https:\/\/damaslocation.fr\/index.php\/wp-json\/wp\/v2\/product\/2167","targetHints":{"allow":["GET"]}}],"collection":[{"href":"https:\/\/damaslocation.fr\/index.php\/wp-json\/wp\/v2\/product"}],"about":[{"href":"https:\/\/damaslocation.fr\/index.php\/wp-json\/wp\/v2\/types\/product"}],"replies":[{"embeddable":true,"href":"https:\/\/damaslocation.fr\/index.php\/wp-json\/wp\/v2\/comments?post=2167"}],"wp:featuredmedia":[{"embeddable":true,"href":"https:\/\/damaslocation.fr\/index.php\/wp-json\/wp\/v2\/media\/2168"}],"wp:attachment":[{"href":"https:\/\/damaslocation.fr\/index.php\/wp-json\/wp\/v2\/media?parent=2167"}],"wp:term":[{"taxonomy":"product_cat","embeddable":true,"href":"https:\/\/damaslocation.fr\/index.php\/wp-json\/wp\/v2\/product_cat?post=2167"},{"taxonomy":"product_tag","embeddable":true,"href":"https:\/\/damaslocation.fr\/index.php\/wp-json\/wp\/v2\/product_tag?post=2167"}],"curies":[{"name":"wp","href":"https:\/\/api.w.org\/{rel}","templated":true}]}}